{"id":33,"date":"2022-01-19T17:56:58","date_gmt":"2022-01-19T16:56:58","guid":{"rendered":"http:\/\/ctspo.com\/?page_id=33"},"modified":"2023-09-18T22:31:19","modified_gmt":"2023-09-18T20:31:19","slug":"nos-horaires-2","status":"publish","type":"page","link":"https:\/\/ctspo.com\/index.php\/nos-horaires-2\/","title":{"rendered":"Nos horaires"},"content":{"rendered":"\n<p>      <br>Nos horaires sont les suivants :<br>            <br>      <\/p>\n\n\n\n<p>Lundi : Ferm\u00e9<\/p>\n\n\n\n<p>Mardi : Ferm\u00e9<\/p>\n\n\n\n<p>Mercredi : Ferm\u00e9<\/p>\n\n\n\n<p>Jeudi : Ferm\u00e9<\/p>\n\n\n\n<p>Vendredi : Ferm\u00e9<\/p>\n\n\n\n<p>Samedi : Ferm\u00e9<\/p>\n\n\n\n<p>Dimanche : Ferm\u00e9 <\/p>\n\n\n\n<p><br><\/p>\n\n\n\n<p>  <\/p>\n\n\n\n<h2 class=\"wp-block-heading\">          <\/h2>\n\n\n\n<p><\/p>\n\n\n\n<p><\/p>\n","protected":false},"excerpt":{"rendered":"<p>Nos horaires sont les suivants : Lundi : Ferm\u00e9 Mardi : Ferm\u00e9 Mercredi : Ferm\u00e9 Jeudi : Ferm\u00e9 Vendredi : Ferm\u00e9 Samedi : Ferm\u00e9 Dimanche : Ferm\u00e9<\/p>\n","protected":false},"author":1,"featured_media":0,"parent":0,"menu_order":0,"comment_status":"closed","ping_status":"closed","template":"","meta":{"footnotes":""},"class_list":["post-33","page","type-page","status-publish","hentry"],"_links":{"self":[{"href":"https:\/\/ctspo.com\/index.php\/wp-json\/wp\/v2\/pages\/33","targetHints":{"allow":["GET"]}}],"collection":[{"href":"https:\/\/ctspo.com\/index.php\/wp-json\/wp\/v2\/pages"}],"about":[{"href":"https:\/\/ctspo.com\/index.php\/wp-json\/wp\/v2\/types\/page"}],"author":[{"embeddable":true,"href":"https:\/\/ctspo.com\/index.php\/wp-json\/wp\/v2\/users\/1"}],"replies":[{"embeddable":true,"href":"https:\/\/ctspo.com\/index.php\/wp-json\/wp\/v2\/comments?post=33"}],"version-history":[{"count":11,"href":"https:\/\/ctspo.com\/index.php\/wp-json\/wp\/v2\/pages\/33\/revisions"}],"predecessor-version":[{"id":151,"href":"https:\/\/ctspo.com\/index.php\/wp-json\/wp\/v2\/pages\/33\/revisions\/151"}],"wp:attachment":[{"href":"https:\/\/ctspo.com\/index.php\/wp-json\/wp\/v2\/media?parent=33"}],"curies":[{"name":"wp","href":"https:\/\/api.w.org\/{rel}","templated":true}]}}