{"id":103,"date":"2022-03-17T16:31:29","date_gmt":"2022-03-17T15:31:29","guid":{"rendered":"http:\/\/ctspo.com\/?page_id=103"},"modified":"2023-09-18T22:30:21","modified_gmt":"2023-09-18T20:30:21","slug":"nos-tarifs","status":"publish","type":"page","link":"https:\/\/ctspo.com\/index.php\/nos-tarifs\/","title":{"rendered":"Nos Tarifs"},"content":{"rendered":"\n<p>     <\/p>\n\n\n\n<p class=\"has-black-color has-text-color\">Pour pouvoir pratiquer le tir sportif, vous devez \u00eatre licenci\u00e9 \u00e0 la F\u00e9d\u00e9ration Fran\u00e7aise de Tir<br>La licence est valable du 1<sup>er<\/sup> septembre au 30 septembre de l\u2019ann\u00e9e suivante.<br>Le montant annuel de la cotisation f\u00e9d\u00e9rale est de 80 Euros.<br><br>Ensuite pour pouvoir pratiquer le tir sportif vous devez aussi adh\u00e9rer \u00e0 un club affili\u00e9s \u00e0 la f\u00e9d\u00e9ration.<\/p>\n\n\n\n<p class=\"has-black-color has-text-color\">Le montant annuel de la cotisation \u00e0 notre association, comprenant la cotisation f\u00e9d\u00e9rale est de&nbsp;:<\/p>\n\n\n\n<ul class=\"has-black-color has-text-color wp-block-list\">\n<li>19 Euros pour les jeunes ( moins de 18 ans )<\/li>\n\n\n\n<li>19 Euros pour les adultes<\/li>\n<\/ul>\n\n\n\n<p class=\"has-black-color has-text-color\">Donc au total, pour r\u00e9sumer le montant total pour un adulte correspond \u00e0 80\u20ac + 19\u20ac soit 99\u20ac tout les ans<\/p>\n\n\n\n<p class=\"has-black-color has-text-color\">Concernant les tireurs qui sont d\u00e9j\u00e0 affili\u00e9s \u00e0 un autre club, le montant de la cotisation de notre club est de 80 euros.<\/p>\n\n\n\n<p class=\"has-black-color has-text-color\"><strong>Pour adh\u00e9rer, il faut&nbsp;:<\/strong><\/p>\n\n\n\n<ul class=\"has-black-color has-text-color wp-block-list\">\n<li><strong>un certificat m\u00e9dical de non contre indication \u00e0 la pratique du Tir sportif, d\u00e9livr\u00e9 par votre m\u00e9decin <\/strong><br>     <\/li>\n\n\n\n<li><strong>un bulletin B2 Vierge de votre casier judiciaire. La v\u00e9rification sera faites lors de votre demande d&#8217;adh\u00e9sion<\/strong><br>     <\/li>\n\n\n\n<li><strong>une pi\u00e8ce d\u2019identit\u00e9 ou passeport <\/strong><br>     <\/li>\n\n\n\n<li><strong><span style=\"color: initial;\">Acquitter le montant de la licence f\u00e9d\u00e9rale, de notre cotisation<\/span> club et \u00e9ventuellement de notre droit d&#8217;entr\u00e9e pour la premi\u00e8re ann\u00e9e<\/strong><br>     <\/li>\n\n\n\n<li><strong>Justifier du parrainage d&#8217;un membre de notre club afin que le parrain puisse vous guider lors des 6 premiers mois dans notre club<\/strong><br><\/li>\n\n\n\n<li><strong>Si la personne est \u00e2g\u00e9e de moins de 18 ans, celle-ci devra \u00eatre accompagn\u00e9e d&#8217;un repr\u00e9sentant l\u00e9gal qui remplira le formulaire d&#8217;autorisation parentale<br><\/strong>    <\/li>\n<\/ul>\n\n\n\n<p><\/p>\n\n\n\n<p><\/p>\n","protected":false},"excerpt":{"rendered":"<p>Pour pouvoir pratiquer le tir sportif, vous devez \u00eatre licenci\u00e9 \u00e0 la F\u00e9d\u00e9ration Fran\u00e7aise de TirLa licence est valable du 1er septembre au 30 septembre de l\u2019ann\u00e9e suivante.Le montant annuel de la cotisation f\u00e9d\u00e9rale est de 80 Euros. Ensuite pour pouvoir pratiquer le tir sportif vous devez aussi adh\u00e9rer \u00e0 un club affili\u00e9s \u00e0 la [&hellip;]<\/p>\n","protected":false},"author":1,"featured_media":0,"parent":0,"menu_order":0,"comment_status":"closed","ping_status":"closed","template":"","meta":{"footnotes":""},"class_list":["post-103","page","type-page","status-publish","hentry"],"_links":{"self":[{"href":"https:\/\/ctspo.com\/index.php\/wp-json\/wp\/v2\/pages\/103","targetHints":{"allow":["GET"]}}],"collection":[{"href":"https:\/\/ctspo.com\/index.php\/wp-json\/wp\/v2\/pages"}],"about":[{"href":"https:\/\/ctspo.com\/index.php\/wp-json\/wp\/v2\/types\/page"}],"author":[{"embeddable":true,"href":"https:\/\/ctspo.com\/index.php\/wp-json\/wp\/v2\/users\/1"}],"replies":[{"embeddable":true,"href":"https:\/\/ctspo.com\/index.php\/wp-json\/wp\/v2\/comments?post=103"}],"version-history":[{"count":17,"href":"https:\/\/ctspo.com\/index.php\/wp-json\/wp\/v2\/pages\/103\/revisions"}],"predecessor-version":[{"id":150,"href":"https:\/\/ctspo.com\/index.php\/wp-json\/wp\/v2\/pages\/103\/revisions\/150"}],"wp:attachment":[{"href":"https:\/\/ctspo.com\/index.php\/wp-json\/wp\/v2\/media?parent=103"}],"curies":[{"name":"wp","href":"https:\/\/api.w.org\/{rel}","templated":true}]}}