{"id":10,"date":"2022-01-19T17:31:52","date_gmt":"2022-01-19T16:31:52","guid":{"rendered":"http:\/\/ctspo.com\/?page_id=10"},"modified":"2023-09-18T22:33:43","modified_gmt":"2023-09-18T20:33:43","slug":"qui-sommes-nous","status":"publish","type":"page","link":"https:\/\/ctspo.com\/","title":{"rendered":"Qui sommes nous ?"},"content":{"rendered":"\n<p>       <br>Le CTSPO est le Club de Tir Sportif de la porte oc\u00e9ane. Nous sommes situ\u00e9 en Normandie, dans le d\u00e9partement de la Seine Maritime, plus pr\u00e9cis\u00e9ment \u00e0 proximit\u00e9 de la ville du Havre.<br><br>     <br>   <\/p>\n\n\n\n<figure class=\"wp-block-image size-large\"><img loading=\"lazy\" decoding=\"async\" width=\"1024\" height=\"576\" src=\"http:\/\/ctspo.com\/wp-content\/uploads\/2022\/01\/xavier-1024x576.jpg\" alt=\"\" class=\"wp-image-7\" srcset=\"https:\/\/ctspo.com\/wp-content\/uploads\/2022\/01\/xavier-1024x576.jpg 1024w, https:\/\/ctspo.com\/wp-content\/uploads\/2022\/01\/xavier-300x169.jpg 300w, https:\/\/ctspo.com\/wp-content\/uploads\/2022\/01\/xavier-768x432.jpg 768w, https:\/\/ctspo.com\/wp-content\/uploads\/2022\/01\/xavier.jpg 1280w\" sizes=\"auto, (max-width: 1024px) 100vw, 1024px\" \/><\/figure>\n\n\n\n<p>Le tir sportif est le troisi\u00e8me sport individuel pratiqu\u00e9 dans le monde (apr\u00e8s le tennis et le golf). Il s\u2019agit d\u2019un sport diversifi\u00e9, gr\u00e2ce \u00e0 ses nombreuses disciplines, et qui se pratique \u00e0 tout \u00e2ge.<\/p>\n\n\n\n<p>Fond\u00e9 en 1990, le Club de Tir Sportif de la Porte Oc\u00e9ane rassemble plusieurs centaines de tireurs dans un cadre exceptionnel et sur plus de 8 hectares, \u00e0 Dollemard. Avec des valeurs in\u00e9vitables, le tir sportif met l\u2019accent sur le calme et la concentration. <br><br>C\u2019est une ambiance conviviale et plac\u00e9e sous le signe de la s\u00e9curit\u00e9 que ce centre de tir rassemble les passionn\u00e9s de tir sportif et les entra\u00eenements des forces de l\u2019ordre. <br><br><\/p>\n\n\n\n<p><\/p>\n","protected":false},"excerpt":{"rendered":"<p>Le CTSPO est le Club de Tir Sportif de la porte oc\u00e9ane. Nous sommes situ\u00e9 en Normandie, dans le d\u00e9partement de la Seine Maritime, plus pr\u00e9cis\u00e9ment \u00e0 proximit\u00e9 de la ville du Havre. Le tir sportif est le troisi\u00e8me sport individuel pratiqu\u00e9 dans le monde (apr\u00e8s le tennis et le golf). Il s\u2019agit d\u2019un sport [&hellip;]<\/p>\n","protected":false},"author":1,"featured_media":0,"parent":0,"menu_order":0,"comment_status":"closed","ping_status":"closed","template":"","meta":{"footnotes":""},"class_list":["post-10","page","type-page","status-publish","hentry"],"_links":{"self":[{"href":"https:\/\/ctspo.com\/index.php\/wp-json\/wp\/v2\/pages\/10","targetHints":{"allow":["GET"]}}],"collection":[{"href":"https:\/\/ctspo.com\/index.php\/wp-json\/wp\/v2\/pages"}],"about":[{"href":"https:\/\/ctspo.com\/index.php\/wp-json\/wp\/v2\/types\/page"}],"author":[{"embeddable":true,"href":"https:\/\/ctspo.com\/index.php\/wp-json\/wp\/v2\/users\/1"}],"replies":[{"embeddable":true,"href":"https:\/\/ctspo.com\/index.php\/wp-json\/wp\/v2\/comments?post=10"}],"version-history":[{"count":12,"href":"https:\/\/ctspo.com\/index.php\/wp-json\/wp\/v2\/pages\/10\/revisions"}],"predecessor-version":[{"id":152,"href":"https:\/\/ctspo.com\/index.php\/wp-json\/wp\/v2\/pages\/10\/revisions\/152"}],"wp:attachment":[{"href":"https:\/\/ctspo.com\/index.php\/wp-json\/wp\/v2\/media?parent=10"}],"curies":[{"name":"wp","href":"https:\/\/api.w.org\/{rel}","templated":true}]}}